{"id":939,"date":"2025-04-06T20:27:42","date_gmt":"2025-04-06T19:27:42","guid":{"rendered":"https:\/\/chemindesolidarite.ch\/?page_id=939"},"modified":"2026-05-04T10:16:33","modified_gmt":"2026-05-04T09:16:33","slug":"bienvenue","status":"publish","type":"page","link":"https:\/\/chemindesolidarite.ch\/","title":{"rendered":"Bienvenue"},"content":{"rendered":"\n<div class=\"wp-block-columns is-layout-flex wp-container-core-columns-is-layout-9d6595d7 wp-block-columns-is-layout-flex\">\n<div class=\"wp-block-column is-layout-flow wp-block-column-is-layout-flow\" style=\"flex-basis:66.66%\">\n<h3 class=\"wp-block-heading\"><h2>Assembl\u00e9e g\u00e9n\u00e9rale<\/h2><\/h3>\n\n\n\n<figure class=\"wp-block-table\"><table class=\"has-fixed-layout\"><tbody><tr><td class=\"has-text-align-center\" data-align=\"center\">Nous avons le plaisir de vous annoncer la date de notre <br>Assembl\u00e9e G\u00e9n\u00e9rale, <br><br><strong><span style=\"text-decoration: underline;\"><h4>le jeudi 18 mai 2026 \u00e0 18h30<\/h4><\/span><\/strong> <br>\u00e0 la salle de la paroisse Notre-Dame des Gr\u00e2ces<br>5 av. des Communes R\u00e9unies, au Grand-Lancy<br><strong>TPG<\/strong>\u00a0: tram 15, bus 22, 23, 43\u00a0; arr\u00eat \u00ab\u00a0Grand-Lancy, place du 1er Ao\u00fbt\u00a0\u00bb<br><br>Apr\u00e8s l\u2019Assembl\u00e9e G\u00e9n\u00e9rale proprement dite, vers 20h, nous aurons<br>le plaisir d\u2019accueillir le<br><br><strong><h4>P\u00e8re Alvaro Dorantes sj<\/h4><\/strong>Directeur du Centre Alberto Hurtado (que nous soutenons financi\u00e8rement) et Sup\u00e9rieur des p\u00e8res j\u00e9suites \u00e0 Damas qui nous parlera des d\u00e9fis pour la jeunesse syrienne aujourd\u2019hui.<br><br><a href=\"https:\/\/chemindesolidarite.ch\/wp-content\/uploads\/2026\/05\/CSCO-Invitation-conference-2026.pdf\">Invitation conf\u00e9rence \u00e0 t\u00e9l\u00e9charger<\/a><br><\/td><\/tr><\/tbody><\/table><\/figure>\n\n\n\n<hr class=\"wp-block-separator has-alpha-channel-opacity\"\/>\n\n\n\n<figure class=\"wp-block-table\"><table class=\"has-fixed-layout\"><tbody><tr><td class=\"has-text-align-center\" data-align=\"center\"><div style=\"padding: 10px; text-align:center\"><p>Le Courrier pastoral de l\u2019Eglise catholique \u00e0 Gen\u00e8ve(ECR) a publi\u00e9 en juin 2023 cette pr\u00e9sentation de notre Association<\/p><p><a href=\"https:\/\/chemindesolidarite.ch\/wp-content\/uploads\/2023\/09\/CSCO-Presentation-CP-juin-23.pdf\">T\u00e9l\u00e9charger<\/a> la pr\u00e9sentation<\/p><\/div><\/td><\/tr><\/tbody><\/table><\/figure>\n\n\n\n<hr class=\"wp-block-separator has-css-opacity\"\/>\n\n\n\n<p class=\"has-drop-cap has-medium-font-size\">En tant que chr\u00e9tiens, nous avons cr\u00e9\u00e9 l\u2019Association \u00ab&nbsp;Chemin de Solidarit\u00e9 avec les chr\u00e9tiens d\u2019Orient et les populations victimes des violences au Moyen-Orient&nbsp;\u00bb le 31 octobre 2016, pour concr\u00e9tiser un projet d\u2019accueil d\u2019\u00e9tudiants syriens et du Moyen Orient.<\/p>\n\n\n\n<p class=\"has-medium-font-size\">Nous souhaitions soutenir l\u2019ouverture d\u2019un canal d\u2019entr\u00e9e\nl\u00e9gal en Suisse pour permettre \u00e0 des \u00e9tudiants de pouvoir poursuivre leur\nformation \u00e0 l\u2019\u00e9cart des violences et des abus dans leur pays. <\/p>\n\n\n\n<p class=\"has-medium-font-size\">Nous voulons aider des \u00e9tudiants pour leur permettre de\nb\u00e2tir leur futur et de contribuer \u00e0 la reconstruction de leur pays.<\/p>\n\n\n\n<p class=\"has-medium-font-size\">Face \u00e0 des difficult\u00e9s administratives et politiques\nrencontr\u00e9es pour accueillir des \u00e9tudiants en Suisse, nous avons d\u00e9cid\u00e9 de\nsoutenir financi\u00e8rement ceux qui sont re\u00e7us par les milieux acad\u00e9miques de\nl\u2019Italie du Nord, avec qui nous sommes en \u00e9troit contact.<\/p>\n\n\n\n<p class=\"has-medium-font-size\">T\u00e9moignage\nchr\u00e9tien de solidarit\u00e9, notre d\u00e9marche s\u2019inspire de l\u2019Evangile de la\nmis\u00e9ricorde&nbsp;: un chemin qui unit Dieu \u00e0 l\u2019homme et qui fait fructifier la\nculture de la rencontre et de l\u2019hospitalit\u00e9. Elle s\u2019interdit toute diff\u00e9rence\nde traitement sur la base de l\u2019origine, de la religion, ou du genre. Les\ncandidats seront s\u00e9lectionn\u00e9s en fonction de leurs aptitudes acad\u00e9miques et\nd\u2019int\u00e9gration.<\/p>\n\n\n\n<p class=\"has-medium-font-size\">Notre association s\u2019efforce d\u2019avoir une dimension \u0153cum\u00e9nique. <\/p>\n\n\n\n<div class=\"wp-block-group\"><div class=\"wp-block-group__inner-container is-layout-flow wp-block-group-is-layout-flow\"><\/div><\/div>\n\n\n\n<p><\/p>\n<\/div>\n\n\n\n<div class=\"wp-block-column is-layout-flow wp-block-column-is-layout-flow\" style=\"flex-basis:33.33%\">\n<div class=\"blog-postsrow dark-text\" data-type=\"row\" data-dynamic-columns=\"one_page_express_latest_news_columns\" data-content-shortcode=\"one_page_express_latest_news\">\t\t\t<div id=\"post-963\" class=\"blog-postcol cp4cols\">\n\t\t\t<div class=\"post-content\">\n\t\t\t\t\t\t\t\t<div class=\"row_345\">\n\t\t\t\t\t<h3 class=\"blog-title\">\n\t\t\t\t\t\t<a href=\"https:\/\/chemindesolidarite.ch\/index.php\/2024\/11\/04\/editorial-de-novembre-2024\/\" rel=\"bookmark\">\n\t\t\t\t\t\t\tEditorial de novembre 2024\t\t\t\t\t\t<\/a>\n\t\t\t\t\t<\/h3>\n\t\t\t\t\t<p>Depuis plusieurs ann\u00e9es, notre Chemin de Solidarit\u00e9 (Chemin de Solidarit\u00e9 pour les Chr\u00e9tiens d\u2019Orient et les minorit\u00e9s victimes de violence au Moyen-Orient [CSCO]) s\u2019engage pour offrir des opportunit\u00e9s \u00e9ducatives aux[&hellip;]<\/p>\n\t\t\t\t\t<a class=\"button blue small\" href=\"https:\/\/chemindesolidarite.ch\/index.php\/2024\/11\/04\/editorial-de-novembre-2024\/\">\n\t\t\t\t\t\t<span data-theme=\"one_page_express_latest_news_read_more\">Read more<\/span>\n\t\t\t\t\t<\/a>\n\t\t\t\t\t<hr class=\"blog-separator\">\n<div class=\"post-header\">\n    <i class=\"font-icon-post fa fa-user\"><\/i>\n    <a href=\"https:\/\/chemindesolidarite.ch\/index.php\/author\/lamaaleid_gxpkn643\/\" title=\"Articles par admin\" rel=\"author\">admin<\/a>    <i class=\"font-icon-post fa fa-calendar\"><\/i>\n    <span class=\"span12\">4 novembre 2024<\/span>\n\n    <i class=\"font-icon-post fa fa-comment-o\"><\/i>\n    <span>0<\/span>\n<\/div>\t\t\t\t<\/div>\n\t\t\t<\/div>\n\t\t<\/div>\n\t\t\t\t<div id=\"post-905\" class=\"blog-postcol cp4cols\">\n\t\t\t<div class=\"post-content\">\n\t\t\t\t\t\t\t\t<div class=\"row_345\">\n\t\t\t\t\t<h3 class=\"blog-title\">\n\t\t\t\t\t\t<a href=\"https:\/\/chemindesolidarite.ch\/index.php\/2023\/04\/23\/une-application-creee-par-un-etudiant-pour-apporter-de-laide\/\" rel=\"bookmark\">\n\t\t\t\t\t\t\tUne application cr\u00e9\u00e9e par un \u00e9tudiant pour apporter de l&rsquo;aide\t\t\t\t\t\t<\/a>\n\t\t\t\t\t<\/h3>\n\t\t\t\t\t<p>\u00ab&nbsp;J&rsquo;ai pens\u00e9 que je pouvais \u00eatre utile \u00e0 mon pays gr\u00e2ce aux connaissances que j\u2019ai acquises ici&nbsp;\u00bb dit Antoine Sader, 25 ans. C\u2019est un jeune originaire d&rsquo;Alep qui, depuis septembre[&hellip;]<\/p>\n\t\t\t\t\t<a class=\"button blue small\" href=\"https:\/\/chemindesolidarite.ch\/index.php\/2023\/04\/23\/une-application-creee-par-un-etudiant-pour-apporter-de-laide\/\">\n\t\t\t\t\t\t<span data-theme=\"one_page_express_latest_news_read_more\">Read more<\/span>\n\t\t\t\t\t<\/a>\n\t\t\t\t\t<hr class=\"blog-separator\">\n<div class=\"post-header\">\n    <i class=\"font-icon-post fa fa-user\"><\/i>\n    <a href=\"https:\/\/chemindesolidarite.ch\/index.php\/author\/lamaaleid_gxpkn643\/\" title=\"Articles par admin\" rel=\"author\">admin<\/a>    <i class=\"font-icon-post fa fa-calendar\"><\/i>\n    <span class=\"span12\">23 avril 2023<\/span>\n\n    <i class=\"font-icon-post fa fa-comment-o\"><\/i>\n    <span>0<\/span>\n<\/div>\t\t\t\t<\/div>\n\t\t\t<\/div>\n\t\t<\/div>\n\t\t\t\t<div id=\"post-903\" class=\"blog-postcol cp4cols\">\n\t\t\t<div class=\"post-content\">\n\t\t\t\t\t\t\t\t<div class=\"row_345\">\n\t\t\t\t\t<h3 class=\"blog-title\">\n\t\t\t\t\t\t<a href=\"https:\/\/chemindesolidarite.ch\/index.php\/2023\/04\/18\/rencontres-stimulantes\/\" rel=\"bookmark\">\n\t\t\t\t\t\t\tRencontres stimulantes\t\t\t\t\t\t<\/a>\n\t\t\t\t\t<\/h3>\n\t\t\t\t\t<p>Le Comit\u00e9 de notre Association a eu la chance de vivre 3 rencontres. D\u2019abord avec le P\u00e8re Jihad, prieur de Mar Moussa qui nous a parl\u00e9 de la situation en[&hellip;]<\/p>\n\t\t\t\t\t<a class=\"button blue small\" href=\"https:\/\/chemindesolidarite.ch\/index.php\/2023\/04\/18\/rencontres-stimulantes\/\">\n\t\t\t\t\t\t<span data-theme=\"one_page_express_latest_news_read_more\">Read more<\/span>\n\t\t\t\t\t<\/a>\n\t\t\t\t\t<hr class=\"blog-separator\">\n<div class=\"post-header\">\n    <i class=\"font-icon-post fa fa-user\"><\/i>\n    <a href=\"https:\/\/chemindesolidarite.ch\/index.php\/author\/lamaaleid_gxpkn643\/\" title=\"Articles par admin\" rel=\"author\">admin<\/a>    <i class=\"font-icon-post fa fa-calendar\"><\/i>\n    <span class=\"span12\">18 avril 2023<\/span>\n\n    <i class=\"font-icon-post fa fa-comment-o\"><\/i>\n    <span>0<\/span>\n<\/div>\t\t\t\t<\/div>\n\t\t\t<\/div>\n\t\t<\/div>\n\t\t<\/div>\n\n\n\n<div class=\"blog-textcol\"> <a class=\"button blue\" data-attr-shortcode=\"href:one_page_express_blog_link\" href=\"https:\/\/chemindesolidarite.ch\/index.php\/category\/nouvelles\/\">Voir tous les articles<\/a><\/div>\n\n\n\n<p><\/p>\n<\/div>\n<\/div>\n","protected":false},"excerpt":{"rendered":"<p>Assembl\u00e9e g\u00e9n\u00e9rale Nous avons le plaisir de vous annoncer la date de notre Assembl\u00e9e G\u00e9n\u00e9rale, le jeudi 18 mai 2026 \u00e0 18h30 \u00e0 la salle de la paroisse Notre-Dame des Gr\u00e2ces5 av. des Communes R\u00e9unies, au Grand-LancyTPG\u00a0: tram 15, bus 22, 23, 43\u00a0; arr\u00eat \u00ab\u00a0Grand-Lancy, place du 1er Ao\u00fbt\u00a0\u00bb Apr\u00e8s l\u2019Assembl\u00e9e G\u00e9n\u00e9rale proprement dite, vers&hellip; <br \/> <a class=\"button small blue\" href=\"https:\/\/chemindesolidarite.ch\/index.php\/2023\/04\/18\/rencontres-stimulantes\/\">Lire la suite<\/a><\/p>\n","protected":false},"author":5,"featured_media":0,"parent":0,"menu_order":0,"comment_status":"closed","ping_status":"closed","template":"","meta":{"_monsterinsights_skip_tracking":false,"_monsterinsights_sitenote_active":false,"_monsterinsights_sitenote_note":"","_monsterinsights_sitenote_category":0,"footnotes":""},"class_list":["post-939","page","type-page","status-publish","hentry"],"_links":{"self":[{"href":"https:\/\/chemindesolidarite.ch\/index.php\/wp-json\/wp\/v2\/pages\/939","targetHints":{"allow":["GET"]}}],"collection":[{"href":"https:\/\/chemindesolidarite.ch\/index.php\/wp-json\/wp\/v2\/pages"}],"about":[{"href":"https:\/\/chemindesolidarite.ch\/index.php\/wp-json\/wp\/v2\/types\/page"}],"author":[{"embeddable":true,"href":"https:\/\/chemindesolidarite.ch\/index.php\/wp-json\/wp\/v2\/users\/5"}],"replies":[{"embeddable":true,"href":"https:\/\/chemindesolidarite.ch\/index.php\/wp-json\/wp\/v2\/comments?post=939"}],"version-history":[{"count":17,"href":"https:\/\/chemindesolidarite.ch\/index.php\/wp-json\/wp\/v2\/pages\/939\/revisions"}],"predecessor-version":[{"id":965,"href":"https:\/\/chemindesolidarite.ch\/index.php\/wp-json\/wp\/v2\/pages\/939\/revisions\/965"}],"wp:attachment":[{"href":"https:\/\/chemindesolidarite.ch\/index.php\/wp-json\/wp\/v2\/media?parent=939"}],"curies":[{"name":"wp","href":"https:\/\/api.w.org\/{rel}","templated":true}]}}