{"id":324,"date":"2019-05-22T10:56:41","date_gmt":"2019-05-22T09:56:41","guid":{"rendered":"http:\/\/chemindesolidarite.ch\/wordpress\/?page_id=21"},"modified":"2022-11-18T15:19:53","modified_gmt":"2022-11-18T14:19:53","slug":"contact-et-soutien","status":"publish","type":"page","link":"https:\/\/chemindesolidarite.ch\/index.php\/contact-et-soutien\/","title":{"rendered":"Nous soutenir"},"content":{"rendered":"\n<h2 class=\"has-text-align-center wp-block-heading\"><strong><span style=\"color:#010080\" class=\"has-inline-color\">Soutenir le Chemin de Solidarit\u00e9 avec les Chr\u00e9tiens d\u2019Orient<\/span><\/strong><\/h2>\n\n\n\n<hr class=\"wp-block-separator has-css-opacity\"\/>\n\n\n\n<div class=\"wp-block-buttons is-content-justification-right is-layout-flex wp-container-core-buttons-is-layout-765c4724 wp-block-buttons-is-layout-flex\">\n<div class=\"wp-block-button\"><a class=\"wp-block-button__link wp-element-button\" href=\"https:\/\/chemindesolidarite.ch\/wp-content\/uploads\/2022\/11\/Fact-QR-Internet-nov-22.pdf\" target=\"_blank\" rel=\"noreferrer noopener\">T\u00e9l\u00e9charger le bulletin de versemen QR code<\/a><\/div>\n<\/div>\n\n\n\n<p>Voici les informations pour nous soutenir. Merci pour votre g\u00e9n\u00e9rosit\u00e9 !<\/p>\n\n\n\n<div class=\"wp-block-buttons is-layout-flex wp-block-buttons-is-layout-flex\"><\/div>\n\n\n\n<figure class=\"wp-block-table is-style-stripes\"><table><tbody><tr><td><strong><span class=\"has-inline-color\">En francs suisses<\/span><\/strong><\/td><td><\/td><\/tr><tr><td><strong>Compte CCP<\/strong><\/td><td><strong>14-735512-7<\/strong><\/td><\/tr><tr><td>D\u00e9nomination<\/td><td>Chemin de Solidarit\u00e9 avec les<br>Chr\u00e9tiens d\u2019Orient, Gen\u00e8ve<\/td><\/tr><tr><td>IBAN<\/td><td>CH08 0900 0000 1473 5512 7<\/td><\/tr><tr><td>BIC<\/td><td>POFICHBEXXX<\/td><\/tr><tr><td><strong><span class=\"has-inline-color\">En euros \u20ac<\/span><\/strong><\/td><td><\/td><\/tr><tr><td><strong>Compte CCP<\/strong><\/td><td><strong>15-225098-9<\/strong><\/td><\/tr><tr><td>D\u00e9nomination&nbsp;<\/td><td>Chemin de Solidarit\u00e9 avec les<br>Chr\u00e9tiens d\u2019Orient, Gen\u00e8ve<\/td><\/tr><tr><td>IBAN<\/td><td>CH36 0900 0000 1522 5098 9<\/td><\/tr><tr><td>BIC<\/td><td>POFICHBEXXX<\/td><\/tr><\/tbody><\/table><\/figure>\n\n\n\n<p class=\"has-text-align-center\">L\u2019Association a \u00e9t\u00e9 reconnue d\u2019int\u00e9r\u00eat public par l\u2019Administration fiscale genevoise. <br>Les donateurs re\u00e7oivent une attestation pour les versements d\u2019un montant sup\u00e9rieur <br>\u00e0 la cotisation de base (50.- frs), qu\u2019ils peuvent joindre \u00e0 leur d\u00e9claration d\u2019imp\u00f4ts. <\/p>\n","protected":false},"excerpt":{"rendered":"<p>Soutenir le Chemin de Solidarit\u00e9 avec les Chr\u00e9tiens d\u2019Orient Voici les informations pour nous soutenir. Merci pour votre g\u00e9n\u00e9rosit\u00e9 ! En francs suisses Compte CCP 14-735512-7 D\u00e9nomination Chemin de Solidarit\u00e9 avec lesChr\u00e9tiens d\u2019Orient, Gen\u00e8ve IBAN CH08 0900 0000 1473 5512 7 BIC POFICHBEXXX En euros \u20ac Compte CCP 15-225098-9 D\u00e9nomination&nbsp; Chemin de Solidarit\u00e9 avec lesChr\u00e9tiens&hellip; <br \/> <a class=\"button small blue\" href=\"https:\/\/chemindesolidarite.ch\/index.php\/contact-et-soutien\/\">Lire la suite<\/a><\/p>\n","protected":false},"author":3,"featured_media":0,"parent":0,"menu_order":0,"comment_status":"closed","ping_status":"closed","template":"","meta":{"_monsterinsights_skip_tracking":false,"_monsterinsights_sitenote_active":false,"_monsterinsights_sitenote_note":"","_monsterinsights_sitenote_category":0,"footnotes":""},"class_list":["post-324","page","type-page","status-publish","hentry"],"_links":{"self":[{"href":"https:\/\/chemindesolidarite.ch\/index.php\/wp-json\/wp\/v2\/pages\/324","targetHints":{"allow":["GET"]}}],"collection":[{"href":"https:\/\/chemindesolidarite.ch\/index.php\/wp-json\/wp\/v2\/pages"}],"about":[{"href":"https:\/\/chemindesolidarite.ch\/index.php\/wp-json\/wp\/v2\/types\/page"}],"author":[{"embeddable":true,"href":"https:\/\/chemindesolidarite.ch\/index.php\/wp-json\/wp\/v2\/users\/3"}],"replies":[{"embeddable":true,"href":"https:\/\/chemindesolidarite.ch\/index.php\/wp-json\/wp\/v2\/comments?post=324"}],"version-history":[{"count":23,"href":"https:\/\/chemindesolidarite.ch\/index.php\/wp-json\/wp\/v2\/pages\/324\/revisions"}],"predecessor-version":[{"id":857,"href":"https:\/\/chemindesolidarite.ch\/index.php\/wp-json\/wp\/v2\/pages\/324\/revisions\/857"}],"wp:attachment":[{"href":"https:\/\/chemindesolidarite.ch\/index.php\/wp-json\/wp\/v2\/media?parent=324"}],"curies":[{"name":"wp","href":"https:\/\/api.w.org\/{rel}","templated":true}]}}