{"id":323,"date":"2019-05-22T10:56:41","date_gmt":"2019-05-22T09:56:41","guid":{"rendered":"http:\/\/chemindesolidarite.ch\/wordpress\/?page_id=20"},"modified":"2025-04-06T19:53:57","modified_gmt":"2025-04-06T18:53:57","slug":"telecharger","status":"publish","type":"page","link":"https:\/\/chemindesolidarite.ch\/index.php\/telecharger\/","title":{"rendered":"T\u00e9l\u00e9charger"},"content":{"rendered":"\n<figure class=\"wp-block-table is-style-stripes\"><table class=\"has-fixed-layout\"><tbody><tr><td><strong>Documents de base<\/strong><\/td><td><strong>Bulletin de Nouvelles<\/strong><\/td><\/tr><tr><td> <a rel=\"noreferrer noopener\" aria-label=\" (s\u2019ouvre dans un nouvel onglet)\" href=\"http:\/\/chemindesolidarite.ch\/wp-content\/uploads\/2019\/10\/Statuts.pdf\" target=\"_blank\">Nos statuts<\/a> <\/td><td><a rel=\"noreferrer noopener\" href=\"http:\/\/chemindesolidarite.ch\/wp-content\/uploads\/2019\/09\/Nouvelles-CSC0-No1-septembre-2019.pdf\" target=\"_blank\">N\u00b0 1&nbsp;Septembre 2019<\/a> <\/td><\/tr><tr><td><\/td><td><a rel=\"noreferrer noopener\" href=\"http:\/\/chemindesolidarite.ch\/wp-content\/uploads\/2020\/01\/Nouvelles-CSC0-No2-janvier-2020.pdf\" target=\"_blank\">N\u00b0 2&nbsp;Janvier 2020<\/a><\/td><\/tr><tr><td> <a href=\"http:\/\/chemindesolidarite.ch\/wp-content\/uploads\/2019\/10\/Bulletin-adh\u00e9sion.pdf\" target=\"_blank\" rel=\"noreferrer noopener\" aria-label=\" (s\u2019ouvre dans un nouvel onglet)\">Bulletin d&rsquo;adh\u00e9sion<\/a> <\/td><td><a href=\"http:\/\/chemindesolidarite.ch\/wp-content\/uploads\/2020\/05\/Nouvelles-CSC0-No3-avril-2020.pdf\">N\u00b0 3&nbsp;Avril 2020<\/a><\/td><\/tr><tr><td><\/td><td><a href=\"http:\/\/chemindesolidarite.ch\/wp-content\/uploads\/2020\/11\/Nouvelles-CSC0-No4-Novembre-2020.pdf\">N\u00b0 4&nbsp;Novembre 2020<\/a><\/td><\/tr><tr><td><a href=\"https:\/\/chemindesolidarite.ch\/wp-content\/uploads\/2022\/11\/Fact-QR-Internet-nov-22.pdf\">Bulletin de versement QR code<\/a><\/td><td><a href=\"http:\/\/chemindesolidarite.ch\/wp-content\/uploads\/2021\/02\/Nouvelles-CSC0-No5-Fevrier-2021.pdf\">N\u00b0 5&nbsp;F\u00e9vrier 2021<\/a><\/td><\/tr><tr><td><\/td><td><a href=\"https:\/\/chemindesolidarite.ch\/wp-content\/uploads\/2021\/07\/Nouvelles-CSC0-N\u00b06-Juin-2021.pdf\">N\u00b0 6&nbsp;Juin 2021<\/a><\/td><\/tr><tr><td><\/td><td><a href=\"https:\/\/chemindesolidarite.ch\/wp-content\/uploads\/2022\/04\/Nouvelles-CSC0-N7-Avril-2022.pdf\">N\u00b0 7&nbsp;Avril 2022<\/a><\/td><\/tr><tr><td><\/td><td><a href=\"https:\/\/chemindesolidarite.ch\/wp-content\/uploads\/2022\/11\/Nouvelles-CSC0-N8-Novembre-2022.pdf\">N\u00b0 8&nbsp;Novembre 2022<\/a><\/td><\/tr><tr><td><\/td><td><a href=\"https:\/\/chemindesolidarite.ch\/wp-content\/uploads\/2023\/04\/Nouvelles-CSC0-No9-mars-2023.pdf\">N\u00b0 9&nbsp;Mars 2023<\/a><\/td><\/tr><tr><td><\/td><td><a href=\"https:\/\/chemindesolidarite.ch\/wp-content\/uploads\/2025\/04\/Nouvelles-CSC0-N10-novembre-2023.pdf\">N\u00b0 10 Novembre 2023<\/a><\/td><\/tr><tr><td><\/td><td><a href=\"https:\/\/chemindesolidarite.ch\/wp-content\/uploads\/2025\/04\/Nouvelles-CSC0-N11-novembre-2024.pdf\">N\u00b0 11\u00a0Novembre 2024<\/a><\/td><\/tr><\/tbody><\/table><\/figure>\n\n\n\n<p><br><br><strong>Conf\u00e9rence du P\u00e8re Jacques Mourad le 17 f\u00e9vrier 2020:<\/strong> <a href=\"http:\/\/chemindesolidarite.ch\/wp-content\/uploads\/2020\/11\/Soiree-du-17-fevrier-2020.pdf\">T\u00e9l\u00e9charger le compte-rendu<\/a><\/p>\n\n\n\n<p><strong>Conf\u00e9rence de Pascal Maguesyan : \u00ab Passeurs d\u2019\u00e9ternit\u00e9 \u00bb le 12 mai 2023:<\/strong> <a href=\"https:\/\/chemindesolidarite.ch\/wp-content\/uploads\/2023\/09\/CSCO-Conference-Pascal-Maguesyan-CP-juin-23.pdf\">T\u00e9l\u00e9charger le compte-rendu<\/a><\/p>\n\n\n\n<p><strong>Pr\u00e9sentation de notre Association (Courrier pastoral de l\u2019Eglise catholique \u00e0 Gen\u00e8ve(ECR) de juin 2023)<\/strong> <a href=\"https:\/\/chemindesolidarite.ch\/wp-content\/uploads\/2023\/09\/CSCO-Presentation-CP-juin-23.pdf\">T\u00e9l\u00e9charger le compte-rendu<\/a><br><br><\/p>\n","protected":false},"excerpt":{"rendered":"<p>Documents de base Bulletin de Nouvelles Nos statuts N\u00b0 1&nbsp;Septembre 2019 N\u00b0 2&nbsp;Janvier 2020 Bulletin d&rsquo;adh\u00e9sion N\u00b0 3&nbsp;Avril 2020 N\u00b0 4&nbsp;Novembre 2020 Bulletin de versement QR code N\u00b0 5&nbsp;F\u00e9vrier 2021 N\u00b0 6&nbsp;Juin 2021 N\u00b0 7&nbsp;Avril 2022 N\u00b0 8&nbsp;Novembre 2022 N\u00b0 9&nbsp;Mars 2023 N\u00b0 10 Novembre 2023 N\u00b0 11\u00a0Novembre 2024 Conf\u00e9rence du P\u00e8re Jacques Mourad le&hellip; <br \/> <a class=\"button small blue\" href=\"https:\/\/chemindesolidarite.ch\/index.php\/telecharger\/\">Lire la suite<\/a><\/p>\n","protected":false},"author":3,"featured_media":0,"parent":0,"menu_order":0,"comment_status":"closed","ping_status":"closed","template":"","meta":{"_monsterinsights_skip_tracking":false,"_monsterinsights_sitenote_active":false,"_monsterinsights_sitenote_note":"","_monsterinsights_sitenote_category":0,"footnotes":""},"class_list":["post-323","page","type-page","status-publish","hentry"],"_links":{"self":[{"href":"https:\/\/chemindesolidarite.ch\/index.php\/wp-json\/wp\/v2\/pages\/323","targetHints":{"allow":["GET"]}}],"collection":[{"href":"https:\/\/chemindesolidarite.ch\/index.php\/wp-json\/wp\/v2\/pages"}],"about":[{"href":"https:\/\/chemindesolidarite.ch\/index.php\/wp-json\/wp\/v2\/types\/page"}],"author":[{"embeddable":true,"href":"https:\/\/chemindesolidarite.ch\/index.php\/wp-json\/wp\/v2\/users\/3"}],"replies":[{"embeddable":true,"href":"https:\/\/chemindesolidarite.ch\/index.php\/wp-json\/wp\/v2\/comments?post=323"}],"version-history":[{"count":23,"href":"https:\/\/chemindesolidarite.ch\/index.php\/wp-json\/wp\/v2\/pages\/323\/revisions"}],"predecessor-version":[{"id":928,"href":"https:\/\/chemindesolidarite.ch\/index.php\/wp-json\/wp\/v2\/pages\/323\/revisions\/928"}],"wp:attachment":[{"href":"https:\/\/chemindesolidarite.ch\/index.php\/wp-json\/wp\/v2\/media?parent=323"}],"curies":[{"name":"wp","href":"https:\/\/api.w.org\/{rel}","templated":true}]}}